{"id":427,"date":"2024-01-29T12:15:05","date_gmt":"2024-01-29T12:15:05","guid":{"rendered":"https:\/\/gdhukukarabuluculuk.com\/?page_id=427"},"modified":"2024-01-29T12:16:33","modified_gmt":"2024-01-29T12:16:33","slug":"yabancilar-hukuku","status":"publish","type":"page","link":"https:\/\/gdhukukarabuluculuk.com\/?page_id=427","title":{"rendered":"Yabanc\u0131lar Hukuku"},"content":{"rendered":"\n<figure class=\"wp-block-image size-full is-resized\"><img loading=\"lazy\" decoding=\"async\" width=\"600\" height=\"600\" src=\"https:\/\/gdhukukarabuluculuk.com\/wp-content\/uploads\/2019\/08\/neve-lawyers-demo-18.jpg\" alt=\"\" class=\"wp-image-118\" style=\"width:326px;height:auto\" srcset=\"https:\/\/gdhukukarabuluculuk.com\/wp-content\/uploads\/2019\/08\/neve-lawyers-demo-18.jpg 600w, https:\/\/gdhukukarabuluculuk.com\/wp-content\/uploads\/2019\/08\/neve-lawyers-demo-18-300x300.jpg 300w, https:\/\/gdhukukarabuluculuk.com\/wp-content\/uploads\/2019\/08\/neve-lawyers-demo-18-150x150.jpg 150w\" sizes=\"auto, (max-width: 600px) 100vw, 600px\" \/><\/figure>\n\n\n\n<p>T\u00fcrkiye\u2019de ya\u015famak isteyen yabanc\u0131lar\u0131n oturma izni, oturma izni uzatma ba\u015fvurular\u0131n\u0131n yap\u0131lmas\u0131, takibi ve sonu\u00e7land\u0131r\u0131lmas\u0131,<br>Do\u011frudan Yabanc\u0131 Yat\u0131r\u0131mlar Kanununa tabii t\u00fczel ki\u015filer nezdinde istihdam edilecek yabanc\u0131lar da dahil olmak \u00fczere, T\u00fcrkiye\u2019de istihdam edilmesi planlanan yabanc\u0131lar\u0131n \u00e7al\u0131\u015fma izni, \u00e7al\u0131\u015fma izin uzat\u0131m ba\u015fvurusunun yap\u0131lmas\u0131, takibi ve sonu\u00e7land\u0131r\u0131lmas\u0131, T\u00fcrkiye\u2019de \u00e7al\u0131\u015fma izni edinecek ki\u015filerin de e\u015fi ve \u00e7ocuklar\u0131na da destekleyici yoluyla aile ikamet izni ba\u015fvurusunun yap\u0131lmas\u0131, takibi ve sonu\u00e7land\u0131r\u0131lmas\u0131,<br>5901 Say\u0131l\u0131 T\u00fcrk Vatanda\u015fl\u0131\u011f\u0131 Kanunu kapsam\u0131nda, T\u00fcrk Vatanda\u015fl\u0131\u011f\u0131n\u0131 kazanmak etmek isteyen yabanc\u0131lar\u0131n vatanda\u015fl\u0131k ba\u015fvuru i\u015flemlerinin yap\u0131lmas\u0131, takibi ve sonu\u00e7land\u0131r\u0131lmas\u0131,<br>3065 Say\u0131l\u0131 Katma De\u011fer Vergisi Kanunu 13\/i bendi kapsam\u0131nda, T\u00fcrkiye\u2019de yerle\u015fik olmayan yabanc\u0131lar\u0131n T\u00fcrkiye\u2019de ta\u015f\u0131nmaz sat\u0131n al\u0131mlar\u0131nda \u00f6demekle y\u00fck\u00fcml\u00fc olan katma de\u011fer vergisinden muafiyet ba\u015fvuru i\u015flemlerinin yap\u0131lmas\u0131, takibi ve sonu\u00e7land\u0131r\u0131lmas\u0131.<\/p>\n","protected":false},"excerpt":{"rendered":"<p>T\u00fcrkiye\u2019de ya\u015famak isteyen yabanc\u0131lar\u0131n oturma izni, oturma izni uzatma ba\u015fvurular\u0131n\u0131n yap\u0131lmas\u0131, takibi ve sonu\u00e7land\u0131r\u0131lmas\u0131,Do\u011frudan Yabanc\u0131 Yat\u0131r\u0131mlar Kanununa tabii t\u00fczel ki\u015filer nezdinde istihdam edilecek yabanc\u0131lar da dahil olmak \u00fczere, T\u00fcrkiye\u2019de istihdam edilmesi planlanan yabanc\u0131lar\u0131n \u00e7al\u0131\u015fma izni, \u00e7al\u0131\u015fma izin uzat\u0131m ba\u015fvurusunun yap\u0131lmas\u0131, takibi ve sonu\u00e7land\u0131r\u0131lmas\u0131, T\u00fcrkiye\u2019de \u00e7al\u0131\u015fma izni edinecek ki\u015filerin de e\u015fi ve \u00e7ocuklar\u0131na da destekleyici yoluyla&hellip;&nbsp;<a href=\"https:\/\/gdhukukarabuluculuk.com\/?page_id=427\" rel=\"bookmark\">Daha fazlas\u0131n\u0131 oku &raquo;<span class=\"screen-reader-text\">Yabanc\u0131lar Hukuku<\/span><\/a><\/p>\n","protected":false},"author":1,"featured_media":0,"parent":0,"menu_order":0,"comment_status":"closed","ping_status":"closed","template":"","meta":{"neve_meta_sidebar":"","neve_meta_container":"","neve_meta_enable_content_width":"","neve_meta_content_width":0,"neve_meta_title_alignment":"","neve_meta_author_avatar":"","neve_post_elements_order":"","neve_meta_disable_header":"","neve_meta_disable_footer":"","neve_meta_disable_title":"","_themeisle_gutenberg_block_has_review":false,"footnotes":""},"class_list":["post-427","page","type-page","status-publish","hentry"],"_links":{"self":[{"href":"https:\/\/gdhukukarabuluculuk.com\/index.php?rest_route=\/wp\/v2\/pages\/427","targetHints":{"allow":["GET"]}}],"collection":[{"href":"https:\/\/gdhukukarabuluculuk.com\/index.php?rest_route=\/wp\/v2\/pages"}],"about":[{"href":"https:\/\/gdhukukarabuluculuk.com\/index.php?rest_route=\/wp\/v2\/types\/page"}],"author":[{"embeddable":true,"href":"https:\/\/gdhukukarabuluculuk.com\/index.php?rest_route=\/wp\/v2\/users\/1"}],"replies":[{"embeddable":true,"href":"https:\/\/gdhukukarabuluculuk.com\/index.php?rest_route=%2Fwp%2Fv2%2Fcomments&post=427"}],"version-history":[{"count":2,"href":"https:\/\/gdhukukarabuluculuk.com\/index.php?rest_route=\/wp\/v2\/pages\/427\/revisions"}],"predecessor-version":[{"id":429,"href":"https:\/\/gdhukukarabuluculuk.com\/index.php?rest_route=\/wp\/v2\/pages\/427\/revisions\/429"}],"wp:attachment":[{"href":"https:\/\/gdhukukarabuluculuk.com\/index.php?rest_route=%2Fwp%2Fv2%2Fmedia&parent=427"}],"curies":[{"name":"wp","href":"https:\/\/api.w.org\/{rel}","templated":true}]}}