{"id":372,"date":"2023-07-22T12:03:23","date_gmt":"2023-07-22T12:03:23","guid":{"rendered":"https:\/\/gdhukukarabuluculuk.com\/?page_id=372"},"modified":"2023-07-22T12:03:23","modified_gmt":"2023-07-22T12:03:23","slug":"is-hukuku","status":"publish","type":"page","link":"https:\/\/gdhukukarabuluculuk.com\/?page_id=372","title":{"rendered":"\u0130\u015f Hukuku"},"content":{"rendered":"\n<figure class=\"wp-block-image size-full is-resized\"><img loading=\"lazy\" decoding=\"async\" src=\"https:\/\/gdhukukarabuluculuk.com\/wp-content\/uploads\/2023\/07\/is-hukuk-nedir-730x313-1.webp\" alt=\"\" class=\"wp-image-373\" width=\"1170\" height=\"502\" srcset=\"https:\/\/gdhukukarabuluculuk.com\/wp-content\/uploads\/2023\/07\/is-hukuk-nedir-730x313-1.webp 730w, https:\/\/gdhukukarabuluculuk.com\/wp-content\/uploads\/2023\/07\/is-hukuk-nedir-730x313-1-300x129.webp 300w\" sizes=\"auto, (max-width: 1170px) 100vw, 1170px\" \/><\/figure>\n\n\n\n<p><\/p>\n\n\n\n<p>\u0130\u015f hukuku i\u015f\u00e7i \u00fccretlerini, \u00e7al\u0131\u015fma \u015fartlar\u0131n\u0131, i\u015fveren \u2013 i\u015f\u00e7i ili\u015fkilerini ve i\u015f\u00e7i sendikalar\u0131n\u0131 kapsayan, bu alandaki konular\u0131 ara\u015ft\u0131ran bir hukuk dal\u0131d\u0131r. En \u00f6nemli i\u015flevi, i\u015f\u00e7i ile i\u015fveren aras\u0131ndaki ili\u015fkileri d\u00fczenlemesidir.<\/p>\n\n\n\n<p>\u0130\u015f hukukunun konusu sadece&nbsp;hizmet akdinden do\u011fan ve tabi hizmet y\u00fck\u00fcml\u00fcl\u00fc\u011f\u00fc i\u00e7indeki insan<br>ili\u015fkileridir.&nbsp;&nbsp;S\u00f6z konusu y\u00fck\u00fcml\u00fcl\u00fckten do\u011fan i\u015fveren, i\u015f\u00e7i ve onlar\u0131n devletle ili\u015fkilerinin d\u00fczenlenmesi i\u00e7in olu\u015fturulan hukuk kurallar\u0131n\u0131 bir sistem i\u00e7inde inceler.<\/p>\n\n\n\n<p>\u0130\u015f hukuku, sanayi devriminden sonra anlam ve i\u015flerlik kazanmaya ba\u015flam\u0131\u015ft\u0131r.<\/p>\n\n\n\n<p><strong>\u0130\u015f hukukunun \u00f6zellikleri:<\/strong><\/p>\n\n\n\n<ol class=\"wp-block-list\">\n<li>\u0130\u015fveren taraf\u0131ndan i\u015f\u00e7inin eme\u011finin s\u00f6m\u00fcr\u00fclmemesi, hakk\u0131n\u0131n ihlal edilmemesi i\u00e7in i\u015f hukukunda i\u015f\u00e7i haklar\u0131n\u0131n korunmas\u0131 \u00f6nceliklidir.<\/li>\n\n\n\n<li>Aksi sadece i\u015f\u00e7inin lehine kararla\u015ft\u0131r\u0131labilen nisbi emredici kurallar i\u00e7erir. \u00d6rne\u011fin i\u015f\u00e7iye asgari \u00fccretin alt\u0131nda \u00fccret verilememesi gibi.<\/li>\n\n\n\n<li>\u0130\u015f hukuku \u00e7er\u00e7evesinde herhangi bir h\u00fck\u00fcmle ilgili teredd\u00fct ya\u015fanmas\u0131 durumunda i\u015f\u00e7i lehine yorum getirilir.<\/li>\n\n\n\n<li>\u0130\u015f hukukunda i\u015f\u00e7inin ki\u015fili\u011fine \u00f6ncelik verilir ve buna ba\u011fl\u0131 olarak hizmet s\u00f6zle\u015fmesi&nbsp;i\u015fveren ile i\u015f\u00e7i aras\u0131ndaki kar\u015f\u0131l\u0131kl\u0131 edimlerin sorumluluklar\u0131na dayal\u0131 ili\u015fkinin \u00e7er\u00e7evesini \u00e7izer.<\/li>\n\n\n\n<li>\u0130\u015f\u00e7iler, sendikalar arac\u0131l\u0131\u011f\u0131yla y\u00f6netime kat\u0131labilir.<\/li>\n\n\n\n<li>\u00d6zel hukuka ait kriterleri bar\u0131nd\u0131ran i\u015f hukuku, i\u015f\u00e7i ve i\u015fverenin \u00e7al\u0131\u015fma<br>hayat\u0131nda kar\u015f\u0131l\u0131kl\u0131 ili\u015fkilerinin d\u00fczenlenmesinde devletin m\u00fcdahilesinden dolay\u0131 karma hukuk \u00f6zelli\u011fi ta\u015f\u0131r.<\/li>\n<\/ol>\n","protected":false},"excerpt":{"rendered":"<p>\u0130\u015f hukuku i\u015f\u00e7i \u00fccretlerini, \u00e7al\u0131\u015fma \u015fartlar\u0131n\u0131, i\u015fveren \u2013 i\u015f\u00e7i ili\u015fkilerini ve i\u015f\u00e7i sendikalar\u0131n\u0131 kapsayan, bu alandaki konular\u0131 ara\u015ft\u0131ran bir hukuk dal\u0131d\u0131r. En \u00f6nemli i\u015flevi, i\u015f\u00e7i ile i\u015fveren aras\u0131ndaki ili\u015fkileri d\u00fczenlemesidir. \u0130\u015f hukukunun konusu sadece&nbsp;hizmet akdinden do\u011fan ve tabi hizmet y\u00fck\u00fcml\u00fcl\u00fc\u011f\u00fc i\u00e7indeki insanili\u015fkileridir.&nbsp;&nbsp;S\u00f6z konusu y\u00fck\u00fcml\u00fcl\u00fckten do\u011fan i\u015fveren, i\u015f\u00e7i ve onlar\u0131n devletle ili\u015fkilerinin d\u00fczenlenmesi i\u00e7in olu\u015fturulan hukuk&hellip;&nbsp;<a href=\"https:\/\/gdhukukarabuluculuk.com\/?page_id=372\" rel=\"bookmark\">Daha fazlas\u0131n\u0131 oku &raquo;<span class=\"screen-reader-text\">\u0130\u015f Hukuku<\/span><\/a><\/p>\n","protected":false},"author":1,"featured_media":0,"parent":0,"menu_order":0,"comment_status":"closed","ping_status":"closed","template":"","meta":{"neve_meta_sidebar":"","neve_meta_container":"","neve_meta_enable_content_width":"","neve_meta_content_width":0,"neve_meta_title_alignment":"","neve_meta_author_avatar":"","neve_post_elements_order":"","neve_meta_disable_header":"","neve_meta_disable_footer":"","neve_meta_disable_title":"","_themeisle_gutenberg_block_has_review":false,"footnotes":""},"class_list":["post-372","page","type-page","status-publish","hentry"],"_links":{"self":[{"href":"https:\/\/gdhukukarabuluculuk.com\/index.php?rest_route=\/wp\/v2\/pages\/372","targetHints":{"allow":["GET"]}}],"collection":[{"href":"https:\/\/gdhukukarabuluculuk.com\/index.php?rest_route=\/wp\/v2\/pages"}],"about":[{"href":"https:\/\/gdhukukarabuluculuk.com\/index.php?rest_route=\/wp\/v2\/types\/page"}],"author":[{"embeddable":true,"href":"https:\/\/gdhukukarabuluculuk.com\/index.php?rest_route=\/wp\/v2\/users\/1"}],"replies":[{"embeddable":true,"href":"https:\/\/gdhukukarabuluculuk.com\/index.php?rest_route=%2Fwp%2Fv2%2Fcomments&post=372"}],"version-history":[{"count":1,"href":"https:\/\/gdhukukarabuluculuk.com\/index.php?rest_route=\/wp\/v2\/pages\/372\/revisions"}],"predecessor-version":[{"id":374,"href":"https:\/\/gdhukukarabuluculuk.com\/index.php?rest_route=\/wp\/v2\/pages\/372\/revisions\/374"}],"wp:attachment":[{"href":"https:\/\/gdhukukarabuluculuk.com\/index.php?rest_route=%2Fwp%2Fv2%2Fmedia&parent=372"}],"curies":[{"name":"wp","href":"https:\/\/api.w.org\/{rel}","templated":true}]}}