{"id":363,"date":"2023-07-22T11:57:01","date_gmt":"2023-07-22T11:57:01","guid":{"rendered":"https:\/\/gdhukukarabuluculuk.com\/?page_id=363"},"modified":"2023-07-22T11:57:02","modified_gmt":"2023-07-22T11:57:02","slug":"miras-hukuku","status":"publish","type":"page","link":"https:\/\/gdhukukarabuluculuk.com\/?page_id=363","title":{"rendered":"Miras Hukuku"},"content":{"rendered":"\n<figure class=\"wp-block-image size-full is-resized\"><img loading=\"lazy\" decoding=\"async\" src=\"https:\/\/gdhukukarabuluculuk.com\/wp-content\/uploads\/2023\/07\/miras-hukuku.webp\" alt=\"\" class=\"wp-image-364\" width=\"1169\" height=\"606\" srcset=\"https:\/\/gdhukukarabuluculuk.com\/wp-content\/uploads\/2023\/07\/miras-hukuku.webp 750w, https:\/\/gdhukukarabuluculuk.com\/wp-content\/uploads\/2023\/07\/miras-hukuku-300x156.webp 300w\" sizes=\"auto, (max-width: 1169px) 100vw, 1169px\" \/><\/figure>\n\n\n\n<p><\/p>\n\n\n\n<p>Miras hukuku,&nbsp;mirasb\u0131rakan\u0131n \u00f6l\u00fcm\u00fc ile sona ermeyen hak ve bor\u00e7lara ili\u015fkin hukuki durumlar\u0131 d\u00fczenleyen hukuk dal\u0131d\u0131r. \u015eayet m\u00fclkiyet \u00f6l\u00fcm ile sona erseydi, bu durumda miras hukukuna gerek bulunmayacakt\u0131.<\/p>\n\n\n\n<p>Miras hukukunun temelinde m\u00fclkiyet hakk\u0131 ve devaml\u0131l\u0131\u011f\u0131 yer almaktad\u0131r. \u00d6l\u00fcmle beraber m\u00fclkiyet hakk\u0131n\u0131n sona ermesi ve mirasb\u0131rakan\u0131n malvarl\u0131\u011f\u0131n\u0131n devlete kalmas\u0131 s\u00f6z konusu olsayd\u0131 bu durumda ger\u00e7ek bir m\u00fclkiyet hakk\u0131ndan s\u00f6z edilmesi s\u00f6z konusu olmazd\u0131.<\/p>\n\n\n\n<p><a href=\"https:\/\/www.mevzuat.gov.tr\/MevzuatMetin\/1.5.2709.doc#:~:text=Madde%2035%20%E2%80%93%20Herkes%2C%20m%C3%BClkiyet%20ve,kullan%C4%B1lmas%C4%B1%20toplum%20yarar%C4%B1na%20ayk%C4%B1r%C4%B1%20olamaz.\" target=\"_blank\" rel=\"noreferrer noopener\">Anayasan\u0131n 35. maddesine<\/a>&nbsp;g\u00f6re;&nbsp;\u201cHerkes, m\u00fclkiyet ve miras haklar\u0131na sahiptir. Bunlar ancak kamu yarar\u0131 amac\u0131yla kanunla s\u0131n\u0131rland\u0131r\u0131labilir.\u201d&nbsp;Bu maddeyle beraber ki\u015filerin m\u00fclkiyet ve miras haklar\u0131 g\u00fcvence alt\u0131na al\u0131nm\u0131\u015ft\u0131r.<\/p>\n\n\n\n<p>Miras hukuku davalar\u0131;<\/p>\n\n\n\n<ul class=\"wp-block-list\">\n<li>Miras\u00e7\u0131lar\u0131n pay ve oranlar\u0131na ili\u015fkin davalar,<\/li>\n\n\n\n<li>Vasiyetnamenin iptali davas\u0131,<\/li>\n\n\n\n<li>Tenkis davas\u0131,<\/li>\n\n\n\n<li>Muris Muvazaas\u0131 davalar\u0131,<\/li>\n\n\n\n<li>Terekenin tespiti davalar\u0131,<\/li>\n\n\n\n<li>Miras\u00e7\u0131l\u0131ktan \u00e7\u0131karma iptal davalar\u0131,<\/li>\n\n\n\n<li>Ortakl\u0131\u011f\u0131n giderilmesi davas\u0131,<\/li>\n\n\n\n<li>Miras\u0131n denkle\u015ftirilmesi davas\u0131,<\/li>\n\n\n\n<li>Miras s\u00f6zle\u015fmesinin iptaline ili\u015fkin davalar,<\/li>\n\n\n\n<li>Terekenin tespitine ili\u015fkin davalar,<\/li>\n\n\n\n<li><a href=\"https:\/\/www.ekinlaw.com\/reddi-miras-nedir-nasil-yapilir\/\">Reddi miras<\/a>&nbsp;davalar\u0131,<\/li>\n\n\n\n<li>Miras\u0131n reddi karar\u0131n\u0131n iptaline ili\u015fkin davalar olarak \u00f6rneklendirilebilir.<\/li>\n<\/ul>\n\n\n\n<p>Miras hukukunun temel kavramlar\u0131n\u0131 a\u00e7\u0131klamak gerekirse;<\/p>\n\n\n\n<ul class=\"wp-block-list\">\n<li>Miras Nedir?<\/li>\n<\/ul>\n\n\n\n<p>Miras kavram\u0131 ile bir kimsenin \u00f6l\u00fcm\u00fc ile miras\u00e7\u0131lara ge\u00e7en \u00f6zel hukuk ili\u015fkilerinin t\u00fcm\u00fc ifade edilir.<\/p>\n\n\n\n<ul class=\"wp-block-list\">\n<li>Mirasb\u0131rakan Kimdir?<\/li>\n<\/ul>\n\n\n\n<p>\u00d6l\u00fcm\u00fc ile kendisine ait hukuki ili\u015fkilerin hukuki durumunun d\u00fczenlendi\u011fi ki\u015fidir. \u00d6l\u00fcm durumu yaln\u0131zca ger\u00e7ek ki\u015filere \u00f6zg\u00fc bir durum oldu\u011fundan mirasb\u0131rakan yaln\u0131zca ger\u00e7ek ki\u015fi olabilmektedir.<\/p>\n\n\n\n<ul class=\"wp-block-list\">\n<li>Miras\u00e7\u0131 Kimdir?<\/li>\n<\/ul>\n\n\n\n<p>Mirasb\u0131rakan\u0131n terekesi \u00fczerinde hak sahibi olan ki\u015filere miras\u00e7\u0131 denilmektedir. Bu ki\u015filer yasal miras\u00e7\u0131lar olabilece\u011fi gibi atanm\u0131\u015f miras\u00e7\u0131lar da olabilmektedir.<\/p>\n\n\n\n<ul class=\"wp-block-list\">\n<li>Tereke Nedir?<\/li>\n<\/ul>\n\n\n\n<p>Tereke, mirasb\u0131rakan\u0131n \u00f6l\u00fcm\u00fc ile miras\u00e7\u0131lara ge\u00e7en \u00f6zel hukuk ili\u015fkileridir. Mirasb\u0131rakan\u0131n \u015fahs\u0131na ba\u011fl\u0131 ili\u015fkiler ise \u00f6l\u00fcmle sona erece\u011finden tereke kapsam\u0131nda de\u011ferlendirilmemektedir.<\/p>\n\n\n\n<ul class=\"wp-block-list\">\n<li>\u00d6l\u00fcme Ba\u011fl\u0131 Tasarruf Nedir?<\/li>\n<\/ul>\n\n\n\n<p>Mirasb\u0131rakan\u0131n \u00f6l\u00fcm\u00fcnden sonra yerine getirilmesini istedi\u011fi \u015feylere \u00f6l\u00fcme ba\u011fl\u0131 tasarruf denilmektedir. Bunlara \u00f6rnek olarak vasiyetnameler ve miras s\u00f6zle\u015fmeleri verilmektedir.<\/p>\n","protected":false},"excerpt":{"rendered":"<p>Miras hukuku,&nbsp;mirasb\u0131rakan\u0131n \u00f6l\u00fcm\u00fc ile sona ermeyen hak ve bor\u00e7lara ili\u015fkin hukuki durumlar\u0131 d\u00fczenleyen hukuk dal\u0131d\u0131r. \u015eayet m\u00fclkiyet \u00f6l\u00fcm ile sona erseydi, bu durumda miras hukukuna gerek bulunmayacakt\u0131. Miras hukukunun temelinde m\u00fclkiyet hakk\u0131 ve devaml\u0131l\u0131\u011f\u0131 yer almaktad\u0131r. \u00d6l\u00fcmle beraber m\u00fclkiyet hakk\u0131n\u0131n sona ermesi ve mirasb\u0131rakan\u0131n malvarl\u0131\u011f\u0131n\u0131n devlete kalmas\u0131 s\u00f6z konusu olsayd\u0131 bu durumda ger\u00e7ek bir m\u00fclkiyet&hellip;&nbsp;<a href=\"https:\/\/gdhukukarabuluculuk.com\/?page_id=363\" rel=\"bookmark\">Daha fazlas\u0131n\u0131 oku &raquo;<span class=\"screen-reader-text\">Miras Hukuku<\/span><\/a><\/p>\n","protected":false},"author":1,"featured_media":0,"parent":0,"menu_order":0,"comment_status":"closed","ping_status":"closed","template":"","meta":{"neve_meta_sidebar":"","neve_meta_container":"","neve_meta_enable_content_width":"","neve_meta_content_width":0,"neve_meta_title_alignment":"","neve_meta_author_avatar":"","neve_post_elements_order":"","neve_meta_disable_header":"","neve_meta_disable_footer":"","neve_meta_disable_title":"","_themeisle_gutenberg_block_has_review":false,"footnotes":""},"class_list":["post-363","page","type-page","status-publish","hentry"],"_links":{"self":[{"href":"https:\/\/gdhukukarabuluculuk.com\/index.php?rest_route=\/wp\/v2\/pages\/363","targetHints":{"allow":["GET"]}}],"collection":[{"href":"https:\/\/gdhukukarabuluculuk.com\/index.php?rest_route=\/wp\/v2\/pages"}],"about":[{"href":"https:\/\/gdhukukarabuluculuk.com\/index.php?rest_route=\/wp\/v2\/types\/page"}],"author":[{"embeddable":true,"href":"https:\/\/gdhukukarabuluculuk.com\/index.php?rest_route=\/wp\/v2\/users\/1"}],"replies":[{"embeddable":true,"href":"https:\/\/gdhukukarabuluculuk.com\/index.php?rest_route=%2Fwp%2Fv2%2Fcomments&post=363"}],"version-history":[{"count":1,"href":"https:\/\/gdhukukarabuluculuk.com\/index.php?rest_route=\/wp\/v2\/pages\/363\/revisions"}],"predecessor-version":[{"id":365,"href":"https:\/\/gdhukukarabuluculuk.com\/index.php?rest_route=\/wp\/v2\/pages\/363\/revisions\/365"}],"wp:attachment":[{"href":"https:\/\/gdhukukarabuluculuk.com\/index.php?rest_route=%2Fwp%2Fv2%2Fmedia&parent=363"}],"curies":[{"name":"wp","href":"https:\/\/api.w.org\/{rel}","templated":true}]}}