{"id":343,"date":"2023-07-22T11:36:17","date_gmt":"2023-07-22T11:36:17","guid":{"rendered":"https:\/\/gdhukukarabuluculuk.com\/?page_id=343"},"modified":"2023-07-22T11:39:21","modified_gmt":"2023-07-22T11:39:21","slug":"gayrimenkul-hukuku","status":"publish","type":"page","link":"https:\/\/gdhukukarabuluculuk.com\/?page_id=343","title":{"rendered":"Gayrimenkul Hukuku"},"content":{"rendered":"\n<figure class=\"wp-block-image size-large\"><img loading=\"lazy\" decoding=\"async\" width=\"1024\" height=\"576\" src=\"https:\/\/gdhukukarabuluculuk.com\/wp-content\/uploads\/2023\/07\/gayrimenkul-1024x576.webp\" alt=\"\" class=\"wp-image-344\" srcset=\"https:\/\/gdhukukarabuluculuk.com\/wp-content\/uploads\/2023\/07\/gayrimenkul-1024x576.webp 1024w, https:\/\/gdhukukarabuluculuk.com\/wp-content\/uploads\/2023\/07\/gayrimenkul-300x169.webp 300w, https:\/\/gdhukukarabuluculuk.com\/wp-content\/uploads\/2023\/07\/gayrimenkul-768x432.webp 768w, https:\/\/gdhukukarabuluculuk.com\/wp-content\/uploads\/2023\/07\/gayrimenkul.webp 1280w\" sizes=\"auto, (max-width: 1024px) 100vw, 1024px\" \/><\/figure>\n\n\n\n<p><\/p>\n\n\n\n<p>Gayrimenkul hukuku, m\u00fclkiyet hakk\u0131na dair \u00f6nemli uyu\u015fmazl\u0131klar\u0131n ya\u015fand\u0131\u011f\u0131 bir \u00f6zel hukuk alan\u0131d\u0131r. Gayrimenkul davas\u0131, m\u00fclkiyet hakk\u0131na yap\u0131lan m\u00fcdahaleleri ve anla\u015fmazl\u0131klar\u0131 \u00e7\u00f6zen bir dava t\u00fcr\u00fcd\u00fcr. Genel olarak, tapu iptali ve tescili davas\u0131, ortakl\u0131\u011f\u0131n giderilmesi (izale-i \u015fuyu), muvazaa nedeniyle tapu devir i\u015flemlerinin iptali, ecrimisil davas\u0131 (i\u015fgal tazminat\u0131), m\u00fcdahalenin men-i (m\u00fcdahalenin \u00f6nlenmesi) davas\u0131, \u015fufa (\u00f6nal\u0131m) davas\u0131, imar uygulamas\u0131ndan kaynaklanan tapu iptal ve tescil davas\u0131 gibi m\u00fclkiyet hakk\u0131ndan kaynaklanan t\u00fcm \u00f6nemli davalar gayrimenkul hukuku ile ilgilidir. Ta\u015f\u0131nmaz davalar\u0131na giren avukatlara, halk aras\u0131nda gayrimenkul avukat\u0131 denilmektedir. Hukuk b\u00fcromuz, hangi nedenden kaynaklan\u0131rsa kaynaklans\u0131n gayrimenkul davalar\u0131 ile ilgili titiz bir haz\u0131rl\u0131k \u00e7al\u0131\u015fmas\u0131 yaparak uyu\u015fmazl\u0131klar\u0131n \u00e7\u00f6z\u00fcm\u00fcn\u00fc kolayla\u015ft\u0131rmaktad\u0131r.<\/p>\n","protected":false},"excerpt":{"rendered":"<p>Gayrimenkul hukuku, m\u00fclkiyet hakk\u0131na dair \u00f6nemli uyu\u015fmazl\u0131klar\u0131n ya\u015fand\u0131\u011f\u0131 bir \u00f6zel hukuk alan\u0131d\u0131r. Gayrimenkul davas\u0131, m\u00fclkiyet hakk\u0131na yap\u0131lan m\u00fcdahaleleri ve anla\u015fmazl\u0131klar\u0131 \u00e7\u00f6zen bir dava t\u00fcr\u00fcd\u00fcr. Genel olarak, tapu iptali ve tescili davas\u0131, ortakl\u0131\u011f\u0131n giderilmesi (izale-i \u015fuyu), muvazaa nedeniyle tapu devir i\u015flemlerinin iptali, ecrimisil davas\u0131 (i\u015fgal tazminat\u0131), m\u00fcdahalenin men-i (m\u00fcdahalenin \u00f6nlenmesi) davas\u0131, \u015fufa (\u00f6nal\u0131m) davas\u0131, imar uygulamas\u0131ndan&hellip;&nbsp;<a href=\"https:\/\/gdhukukarabuluculuk.com\/?page_id=343\" rel=\"bookmark\">Daha fazlas\u0131n\u0131 oku &raquo;<span class=\"screen-reader-text\">Gayrimenkul Hukuku<\/span><\/a><\/p>\n","protected":false},"author":1,"featured_media":0,"parent":0,"menu_order":0,"comment_status":"closed","ping_status":"closed","template":"","meta":{"neve_meta_sidebar":"","neve_meta_container":"","neve_meta_enable_content_width":"","neve_meta_content_width":0,"neve_meta_title_alignment":"","neve_meta_author_avatar":"","neve_post_elements_order":"","neve_meta_disable_header":"","neve_meta_disable_footer":"","neve_meta_disable_title":"","_themeisle_gutenberg_block_has_review":false,"footnotes":""},"class_list":["post-343","page","type-page","status-publish","hentry"],"_links":{"self":[{"href":"https:\/\/gdhukukarabuluculuk.com\/index.php?rest_route=\/wp\/v2\/pages\/343","targetHints":{"allow":["GET"]}}],"collection":[{"href":"https:\/\/gdhukukarabuluculuk.com\/index.php?rest_route=\/wp\/v2\/pages"}],"about":[{"href":"https:\/\/gdhukukarabuluculuk.com\/index.php?rest_route=\/wp\/v2\/types\/page"}],"author":[{"embeddable":true,"href":"https:\/\/gdhukukarabuluculuk.com\/index.php?rest_route=\/wp\/v2\/users\/1"}],"replies":[{"embeddable":true,"href":"https:\/\/gdhukukarabuluculuk.com\/index.php?rest_route=%2Fwp%2Fv2%2Fcomments&post=343"}],"version-history":[{"count":2,"href":"https:\/\/gdhukukarabuluculuk.com\/index.php?rest_route=\/wp\/v2\/pages\/343\/revisions"}],"predecessor-version":[{"id":351,"href":"https:\/\/gdhukukarabuluculuk.com\/index.php?rest_route=\/wp\/v2\/pages\/343\/revisions\/351"}],"wp:attachment":[{"href":"https:\/\/gdhukukarabuluculuk.com\/index.php?rest_route=%2Fwp%2Fv2%2Fmedia&parent=343"}],"curies":[{"name":"wp","href":"https:\/\/api.w.org\/{rel}","templated":true}]}}