{"id":340,"date":"2023-07-22T11:35:33","date_gmt":"2023-07-22T11:35:33","guid":{"rendered":"https:\/\/gdhukukarabuluculuk.com\/?page_id=340"},"modified":"2023-07-22T11:39:31","modified_gmt":"2023-07-22T11:39:31","slug":"medeni-hukuk","status":"publish","type":"page","link":"https:\/\/gdhukukarabuluculuk.com\/?page_id=340","title":{"rendered":"Medeni Hukuk"},"content":{"rendered":"\n<figure class=\"wp-block-image size-large is-resized\"><img loading=\"lazy\" decoding=\"async\" src=\"https:\/\/gdhukukarabuluculuk.com\/wp-content\/uploads\/2023\/07\/medeni-1024x576.webp\" alt=\"\" class=\"wp-image-341\" width=\"1024\" height=\"576\" srcset=\"https:\/\/gdhukukarabuluculuk.com\/wp-content\/uploads\/2023\/07\/medeni-1024x576.webp 1024w, https:\/\/gdhukukarabuluculuk.com\/wp-content\/uploads\/2023\/07\/medeni-300x169.webp 300w, https:\/\/gdhukukarabuluculuk.com\/wp-content\/uploads\/2023\/07\/medeni-768x432.webp 768w, https:\/\/gdhukukarabuluculuk.com\/wp-content\/uploads\/2023\/07\/medeni.webp 1280w\" sizes=\"auto, (max-width: 1024px) 100vw, 1024px\" \/><\/figure>\n\n\n\n<p><\/p>\n\n\n\n<p>Medeni hukuk, \u00f6zel hukukun en geni\u015f alan\u0131 olup Avukat Baran Do\u011fan medeni hukukun belli alanlar\u0131nda da avukatl\u0131k faaliyeti icra etmektedir.<\/p>\n\n\n\n<p><strong>Miras Hukuku<\/strong>: Ki\u015finin \u00f6l\u00fcm\u00fcyle birlikte miras b\u0131rakan\u0131n miras\u00e7\u0131lar\u0131 aras\u0131nda miras\u0131n payla\u015f\u0131lmas\u0131 sorunu ortaya \u00e7\u0131kar. Miras hukuku, miras\u0131n kimlere ve nas\u0131l intikal edece\u011fini d\u00fczenler. Mirastan mal ka\u00e7\u0131rma (muris muvazaas\u0131), mirasta sakl\u0131 pay ve mal payla\u015f\u0131m\u0131 , tenkis davas\u0131, vasiyetnamenin d\u00fczenlenmesi ve iptali, miras\u0131n reddi vb. gibi miras hukuku sorunlar\u0131 s\u0131kl\u0131kla ya\u015fanmaktad\u0131r. Miras hukuku sorunlar\u0131n\u0131 \u00e7\u00f6z\u00fcme kavu\u015fturan avukatlara halk aras\u0131nda miras avukat\u0131 denilmektedir. Avukat Baran Do\u011fan, miras davalar\u0131 ve miras hukuku ile ilgili di\u011fer sorunlar\u0131n \u00e7\u00f6z\u00fcm\u00fc i\u00e7in hukuki yard\u0131m sunmaktad\u0131r.<\/p>\n\n\n\n<p><strong>Aile Hukuku<\/strong>: Aile hukuku da medeni hukukun bir alt dal\u0131 olarak bo\u015fanma davas\u0131, bo\u015fanmada maddi ve manevi tazminat davas\u0131, bo\u015fanmada mal payla\u015f\u0131m\u0131, \u00e7ocuklar\u0131n velayeti, tedbir ve i\u015ftirak nafakas\u0131 vb. gibi konular\u0131 d\u00fczenler. Bo\u015fanma davas\u0131, aile hukukunun en \u00f6nemli sorunlar\u0131n\u0131n ya\u015fand\u0131\u011f\u0131, bir avukat\u0131n hukuki yard\u0131m\u0131na en \u00e7ok ihtiya\u00e7 duyulan temel dava t\u00fcr\u00fcd\u00fcr. Bo\u015fanma davas\u0131 \u015fu sebeplerle a\u00e7\u0131labilir:<\/p>\n\n\n\n<ul class=\"wp-block-list\">\n<li>\u015eiddetli ge\u00e7imsizlik (evlilik birli\u011finin temelinden sars\u0131lmas\u0131) nedeniyle genel sebeplerle a\u00e7\u0131lan bo\u015fanma davas\u0131 (MK m.166),<\/li>\n\n\n\n<li>Zina (aldatma) nedeniyle bo\u015fanma davas\u0131 (MK m.161),<\/li>\n\n\n\n<li>Hayata kast, pek k\u00f6t\u00fc veya onur k\u0131r\u0131c\u0131 davran\u0131\u015f nedenleri ile bo\u015fanma davas\u0131 (MK m.162),<\/li>\n\n\n\n<li>Su\u00e7 i\u015fleme ve haysiyetsiz hayat s\u00fcrme sebepleri ile bo\u015fanma davas\u0131 (MK m.163),<\/li>\n\n\n\n<li>Terk sebebiyle bo\u015fanma davas\u0131 (MK m.164),<\/li>\n\n\n\n<li>Ak\u0131l hastal\u0131\u011f\u0131 sebebiyle bo\u015fanma davas\u0131 (TMK m. 165).<\/li>\n<\/ul>\n\n\n\n<p>Aile hukuku sorunlar\u0131 i\u00e7in vekillik yapan avukatlara da halk aras\u0131nda bo\u015fanma avukat\u0131 denilmektedir. Ancak, T\u00fcrkiye&#8217;de uzmanl\u0131k alanlar\u0131 yasal bir \u015fekilde tan\u0131mlanmad\u0131\u011f\u0131 i\u00e7in mevzuatta bo\u015fanma avukat\u0131 olarak g\u00f6rev tan\u0131m\u0131 yap\u0131lm\u0131\u015f bir avukatl\u0131k alan\u0131 yoktur. Bo\u015fanma avukat\u0131, uygulama ve medyan\u0131n tan\u0131mlamas\u0131yla halk dilinde yerle\u015fmi\u015f bir ifadedir.<\/p>\n\n\n\n<p>Makalelerimizde medeni usul hukukunu ilgilendiren temyiz ve istinaf konular\u0131, dava dilek\u00e7eleri ve yarg\u0131tay kararlar\u0131na da bu ba\u015fl\u0131k alt\u0131nda yer verilmi\u015ftir.<\/p>\n","protected":false},"excerpt":{"rendered":"<p>Medeni hukuk, \u00f6zel hukukun en geni\u015f alan\u0131 olup Avukat Baran Do\u011fan medeni hukukun belli alanlar\u0131nda da avukatl\u0131k faaliyeti icra etmektedir. Miras Hukuku: Ki\u015finin \u00f6l\u00fcm\u00fcyle birlikte miras b\u0131rakan\u0131n miras\u00e7\u0131lar\u0131 aras\u0131nda miras\u0131n payla\u015f\u0131lmas\u0131 sorunu ortaya \u00e7\u0131kar. Miras hukuku, miras\u0131n kimlere ve nas\u0131l intikal edece\u011fini d\u00fczenler. Mirastan mal ka\u00e7\u0131rma (muris muvazaas\u0131), mirasta sakl\u0131 pay ve mal payla\u015f\u0131m\u0131 ,&hellip;&nbsp;<a href=\"https:\/\/gdhukukarabuluculuk.com\/?page_id=340\" rel=\"bookmark\">Daha fazlas\u0131n\u0131 oku &raquo;<span class=\"screen-reader-text\">Medeni Hukuk<\/span><\/a><\/p>\n","protected":false},"author":1,"featured_media":0,"parent":0,"menu_order":0,"comment_status":"closed","ping_status":"closed","template":"","meta":{"neve_meta_sidebar":"","neve_meta_container":"","neve_meta_enable_content_width":"","neve_meta_content_width":0,"neve_meta_title_alignment":"","neve_meta_author_avatar":"","neve_post_elements_order":"","neve_meta_disable_header":"","neve_meta_disable_footer":"","neve_meta_disable_title":"","_themeisle_gutenberg_block_has_review":false,"footnotes":""},"class_list":["post-340","page","type-page","status-publish","hentry"],"_links":{"self":[{"href":"https:\/\/gdhukukarabuluculuk.com\/index.php?rest_route=\/wp\/v2\/pages\/340","targetHints":{"allow":["GET"]}}],"collection":[{"href":"https:\/\/gdhukukarabuluculuk.com\/index.php?rest_route=\/wp\/v2\/pages"}],"about":[{"href":"https:\/\/gdhukukarabuluculuk.com\/index.php?rest_route=\/wp\/v2\/types\/page"}],"author":[{"embeddable":true,"href":"https:\/\/gdhukukarabuluculuk.com\/index.php?rest_route=\/wp\/v2\/users\/1"}],"replies":[{"embeddable":true,"href":"https:\/\/gdhukukarabuluculuk.com\/index.php?rest_route=%2Fwp%2Fv2%2Fcomments&post=340"}],"version-history":[{"count":2,"href":"https:\/\/gdhukukarabuluculuk.com\/index.php?rest_route=\/wp\/v2\/pages\/340\/revisions"}],"predecessor-version":[{"id":352,"href":"https:\/\/gdhukukarabuluculuk.com\/index.php?rest_route=\/wp\/v2\/pages\/340\/revisions\/352"}],"wp:attachment":[{"href":"https:\/\/gdhukukarabuluculuk.com\/index.php?rest_route=%2Fwp%2Fv2%2Fmedia&parent=340"}],"curies":[{"name":"wp","href":"https:\/\/api.w.org\/{rel}","templated":true}]}}