{"id":337,"date":"2023-07-22T11:34:20","date_gmt":"2023-07-22T11:34:20","guid":{"rendered":"https:\/\/gdhukukarabuluculuk.com\/?page_id=337"},"modified":"2023-07-22T11:39:42","modified_gmt":"2023-07-22T11:39:42","slug":"tazminat-hukuku","status":"publish","type":"page","link":"https:\/\/gdhukukarabuluculuk.com\/?page_id=337","title":{"rendered":"Tazminat Hukuku"},"content":{"rendered":"\n<figure class=\"wp-block-image size-large\"><img loading=\"lazy\" decoding=\"async\" width=\"1024\" height=\"576\" src=\"https:\/\/gdhukukarabuluculuk.com\/wp-content\/uploads\/2023\/07\/tazminat-1024x576.webp\" alt=\"\" class=\"wp-image-338\" srcset=\"https:\/\/gdhukukarabuluculuk.com\/wp-content\/uploads\/2023\/07\/tazminat-1024x576.webp 1024w, https:\/\/gdhukukarabuluculuk.com\/wp-content\/uploads\/2023\/07\/tazminat-300x169.webp 300w, https:\/\/gdhukukarabuluculuk.com\/wp-content\/uploads\/2023\/07\/tazminat-768x432.webp 768w, https:\/\/gdhukukarabuluculuk.com\/wp-content\/uploads\/2023\/07\/tazminat.webp 1280w\" sizes=\"auto, (max-width: 1024px) 100vw, 1024px\" \/><\/figure>\n\n\n\n<p><\/p>\n\n\n\n<p>Tazminat hukuku, haks\u0131z fiillerden veya ba\u015fka herhangi bir nedenden kaynaklanan tazminat anla\u015fmazl\u0131klar\u0131n\u0131 konu al\u0131r. Genel olarak, &#8220;maddi tazminat davas\u0131&#8221; ve &#8220;manevi tazminat davas\u0131&#8221; olmak \u00fczere iki t\u00fcr tazminat davas\u0131 vard\u0131r:<\/p>\n\n\n\n<ul class=\"wp-block-list\">\n<li>Maddi tazminat davas\u0131, \u00f6l\u00fcm sebebiyle destekten yoksun kalma, maluliyet ve i\u015fg\u00fcc\u00fc kayb\u0131 gibi bedensel zararlardan kaynaklanabilece\u011fi gibi malvarl\u0131\u011f\u0131 de\u011ferlerinin zarar g\u00f6rmesinden de kaynaklanabilir.<\/li>\n\n\n\n<li>Manevi tazminat davas\u0131, haks\u0131z bir fiil veya i\u015flem nedeniyle davac\u0131n\u0131n ruhsal b\u00fct\u00fcnl\u00fc\u011f\u00fcn\u00fc bozan manevi ac\u0131lar\u0131n giderilmesi amac\u0131yla a\u00e7\u0131l\u0131r.<\/li>\n<\/ul>\n\n\n\n<p>Maddi ve manevi tazminat davas\u0131; bor\u00e7lar hukukundan kaynaklanan s\u00f6zle\u015fmenin ihlali, trafik kazas\u0131 neticesinde yaralanma veya \u00f6l\u00fcm, doktor uygulama hatas\u0131 (malpraktis) sonucu \u00f6l\u00fcm, i\u015f hukukundan kaynaklanan ihbar veya k\u0131dem tazminat\u0131, i\u015f kazas\u0131 sonucu yaralanma veya \u00f6l\u00fcm, su\u00e7 i\u015flenmesi, bo\u015fanma davas\u0131 gibi birbirinden tamamen farkl\u0131 hukuki nedenlerden kaynaklanan uyu\u015fmazl\u0131klar\u0131 \u00e7\u00f6zen bir dava t\u00fcr\u00fcd\u00fcr. Tazminat davalar\u0131na giren avukatlara halk aras\u0131nda tazminat avukat\u0131 denilmektedir.<\/p>\n","protected":false},"excerpt":{"rendered":"<p>Tazminat hukuku, haks\u0131z fiillerden veya ba\u015fka herhangi bir nedenden kaynaklanan tazminat anla\u015fmazl\u0131klar\u0131n\u0131 konu al\u0131r. Genel olarak, &#8220;maddi tazminat davas\u0131&#8221; ve &#8220;manevi tazminat davas\u0131&#8221; olmak \u00fczere iki t\u00fcr tazminat davas\u0131 vard\u0131r: Maddi ve manevi tazminat davas\u0131; bor\u00e7lar hukukundan kaynaklanan s\u00f6zle\u015fmenin ihlali, trafik kazas\u0131 neticesinde yaralanma veya \u00f6l\u00fcm, doktor uygulama hatas\u0131 (malpraktis) sonucu \u00f6l\u00fcm, i\u015f hukukundan kaynaklanan&hellip;&nbsp;<a href=\"https:\/\/gdhukukarabuluculuk.com\/?page_id=337\" rel=\"bookmark\">Daha fazlas\u0131n\u0131 oku &raquo;<span class=\"screen-reader-text\">Tazminat Hukuku<\/span><\/a><\/p>\n","protected":false},"author":1,"featured_media":0,"parent":0,"menu_order":0,"comment_status":"closed","ping_status":"closed","template":"","meta":{"neve_meta_sidebar":"","neve_meta_container":"","neve_meta_enable_content_width":"","neve_meta_content_width":0,"neve_meta_title_alignment":"","neve_meta_author_avatar":"","neve_post_elements_order":"","neve_meta_disable_header":"","neve_meta_disable_footer":"","neve_meta_disable_title":"","_themeisle_gutenberg_block_has_review":false,"footnotes":""},"class_list":["post-337","page","type-page","status-publish","hentry"],"_links":{"self":[{"href":"https:\/\/gdhukukarabuluculuk.com\/index.php?rest_route=\/wp\/v2\/pages\/337","targetHints":{"allow":["GET"]}}],"collection":[{"href":"https:\/\/gdhukukarabuluculuk.com\/index.php?rest_route=\/wp\/v2\/pages"}],"about":[{"href":"https:\/\/gdhukukarabuluculuk.com\/index.php?rest_route=\/wp\/v2\/types\/page"}],"author":[{"embeddable":true,"href":"https:\/\/gdhukukarabuluculuk.com\/index.php?rest_route=\/wp\/v2\/users\/1"}],"replies":[{"embeddable":true,"href":"https:\/\/gdhukukarabuluculuk.com\/index.php?rest_route=%2Fwp%2Fv2%2Fcomments&post=337"}],"version-history":[{"count":2,"href":"https:\/\/gdhukukarabuluculuk.com\/index.php?rest_route=\/wp\/v2\/pages\/337\/revisions"}],"predecessor-version":[{"id":353,"href":"https:\/\/gdhukukarabuluculuk.com\/index.php?rest_route=\/wp\/v2\/pages\/337\/revisions\/353"}],"wp:attachment":[{"href":"https:\/\/gdhukukarabuluculuk.com\/index.php?rest_route=%2Fwp%2Fv2%2Fmedia&parent=337"}],"curies":[{"name":"wp","href":"https:\/\/api.w.org\/{rel}","templated":true}]}}