{"id":308,"date":"2023-07-22T10:26:27","date_gmt":"2023-07-22T10:26:27","guid":{"rendered":"https:\/\/gdhukukarabuluculuk.com\/?page_id=308"},"modified":"2023-07-22T11:30:34","modified_gmt":"2023-07-22T11:30:34","slug":"ceza-hukuku","status":"publish","type":"page","link":"https:\/\/gdhukukarabuluculuk.com\/?page_id=308","title":{"rendered":"Ceza Hukuku"},"content":{"rendered":"\n<div class=\"wp-block-cover is-light\"><span aria-hidden=\"true\" class=\"wp-block-cover__background has-background-dim\"><\/span><img loading=\"lazy\" decoding=\"async\" width=\"1024\" height=\"576\" class=\"wp-block-cover__image-background wp-image-309\" alt=\"\" src=\"https:\/\/gdhukukarabuluculuk.com\/wp-content\/uploads\/2023\/07\/terazi-renkli2-dogru-1280x720-1-1024x576.webp\" data-object-fit=\"cover\" srcset=\"https:\/\/gdhukukarabuluculuk.com\/wp-content\/uploads\/2023\/07\/terazi-renkli2-dogru-1280x720-1-1024x576.webp 1024w, https:\/\/gdhukukarabuluculuk.com\/wp-content\/uploads\/2023\/07\/terazi-renkli2-dogru-1280x720-1-300x169.webp 300w, https:\/\/gdhukukarabuluculuk.com\/wp-content\/uploads\/2023\/07\/terazi-renkli2-dogru-1280x720-1-768x432.webp 768w, https:\/\/gdhukukarabuluculuk.com\/wp-content\/uploads\/2023\/07\/terazi-renkli2-dogru-1280x720-1.webp 1280w\" sizes=\"auto, (max-width: 1024px) 100vw, 1024px\" \/><div class=\"wp-block-cover__inner-container is-layout-flow wp-block-cover-is-layout-flow\">\n<p class=\"has-text-align-center has-large-font-size\"><\/p>\n<\/div><\/div>\n\n\n\n<p><\/p>\n\n\n\n<p class=\"has-text-align-left\">Ceza muhakemesi hukuku, yakalama, el koyma, arama, telefon ve ortam dinlemesi, tutuklama gibi koruma tedbirleri ile su\u00e7 \u015f\u00fcphesi alt\u0131ndaki ki\u015finin \u00f6zg\u00fcrl\u00fc\u011f\u00fcn\u00fc k\u0131s\u0131tlar. \u015e\u00fcphelinin bizzat kendisinin veya avukat\u0131n\u0131n bu soru\u015fturma i\u015flemlerine itiraz hakk\u0131 vard\u0131r. Soru\u015fturma neticesinde iddia makam\u0131 (savc\u0131l\u0131k) ve \u015f\u00fcphelinin su\u00e7 i\u015fledi\u011fi kanaatine var\u0131rsa, \u015f\u00fcpheli hakk\u0131nda bir iddianame d\u00fczenleyerek ceza davas\u0131 a\u00e7ar. T\u00fcrkiye&#8217;de ceza davalar\u0131na bakmaya yetkili adli ceza mahkemelerinin g\u00f6revi su\u00e7 vasf\u0131 ve ceza miktar\u0131na g\u00f6re belirlenmektedir. Ceza mahkemeleri, temel olarak asliye ceza mahkemesi ve a\u011f\u0131r ceza mahkemesi olmak \u00fczere iki t\u00fcr mahkemeden olu\u015fmaktad\u0131r. San\u0131k, mahkemedeki yarg\u0131laman\u0131n t\u00fcm a\u015famalar\u0131nda da bir avukat\u0131n hukuki yard\u0131m\u0131ndan yararlanma hakk\u0131na sahiptir. Ceza mahkemesi, yapaca\u011f\u0131 yarg\u0131lama neticesinde san\u0131k hakk\u0131nda mahkumiyet h\u00fckm\u00fc olarak &#8220;adli para cezas\u0131&#8221;, &#8220;hapis cezas\u0131&#8221; veya &#8220;g\u00fcvenlik tedbiri&#8221;ne karar verebilir. Kararda hapis cezas\u0131n\u0131n ertelenmesi veya h\u00fckm\u00fcn a\u00e7\u0131klanmas\u0131n\u0131n geri b\u0131rak\u0131lmas\u0131 (hagb) gibi bireyselle\u015ftirme kurumlar\u0131 uygulanabilece\u011fi gibi san\u0131\u011fa verilen hapis cezas\u0131 adli para cezas\u0131na da \u00e7evrilebilir. Ceza davas\u0131, istinaf, temyiz ve karar\u0131n d\u00fczeltilmesi gibi a\u015famalar\u0131 da ge\u00e7tikten sonra kesinle\u015fmi\u015f hapis cezas\u0131 ile ilgili infaz hukuku s\u00fcreci ba\u015flar. Kesinle\u015fen hapis cezas\u0131n\u0131n infaz\u0131, kural olarak a\u00e7\u0131k veya kapal\u0131 cezaevinde yap\u0131l\u0131r. Cezas\u0131 infaz edilen h\u00fck\u00fcml\u00fc, su\u00e7unun niteli\u011fine g\u00f6re belli \u015fartlar\u0131 yerine getirdi\u011finde ko\u015fullu sal\u0131verilme (\u015fartl\u0131 tahliye) ve denetimli serbestlik tedbirinden yararlanarak cezaevinden tahliye edilebilir.<\/p>\n\n\n\n<p>Ceza hukukunda t\u00fcm bu s\u00fcre\u00e7ler, genel hatlar\u0131yla soru\u015fturma, kovu\u015fturma ve infaz hukuku s\u00fcreci olarak tan\u0131mlanabilir. Soru\u015fturma a\u015famas\u0131 ile ba\u015flay\u0131p cezan\u0131n infaz\u0131 ile sona eren bu s\u00fcre\u00e7te yarg\u0131lanan ki\u015finin, ma\u011fdurun, m\u00fc\u015ftekinin (\u015fikayet\u00e7i) veya m\u00fcdahilin (kat\u0131lan) savunmas\u0131n\u0131 yapan avukata, halk aras\u0131nda ceza avukat\u0131 veya a\u011f\u0131r ceza avukat\u0131 denilmektedir. Hukuk b\u00fcromuz, savunma hakk\u0131n\u0131 ve hak arama \u00f6zg\u00fcrl\u00fc\u011f\u00fcn\u00fc temin ederek ceza yarg\u0131lamas\u0131 s\u00fcrecine kat\u0131lan taraflara hukuki yard\u0131m sunmaktad\u0131r.<\/p>\n","protected":false},"excerpt":{"rendered":"<p>Ceza muhakemesi hukuku, yakalama, el koyma, arama, telefon ve ortam dinlemesi, tutuklama gibi koruma tedbirleri ile su\u00e7 \u015f\u00fcphesi alt\u0131ndaki ki\u015finin \u00f6zg\u00fcrl\u00fc\u011f\u00fcn\u00fc k\u0131s\u0131tlar. \u015e\u00fcphelinin bizzat kendisinin veya avukat\u0131n\u0131n bu soru\u015fturma i\u015flemlerine itiraz hakk\u0131 vard\u0131r. Soru\u015fturma neticesinde iddia makam\u0131 (savc\u0131l\u0131k) ve \u015f\u00fcphelinin su\u00e7 i\u015fledi\u011fi kanaatine var\u0131rsa, \u015f\u00fcpheli hakk\u0131nda bir iddianame d\u00fczenleyerek ceza davas\u0131 a\u00e7ar. T\u00fcrkiye&#8217;de ceza davalar\u0131na&hellip;&nbsp;<a href=\"https:\/\/gdhukukarabuluculuk.com\/?page_id=308\" rel=\"bookmark\">Daha fazlas\u0131n\u0131 oku &raquo;<span class=\"screen-reader-text\">Ceza Hukuku<\/span><\/a><\/p>\n","protected":false},"author":1,"featured_media":309,"parent":0,"menu_order":0,"comment_status":"closed","ping_status":"closed","template":"","meta":{"neve_meta_sidebar":"","neve_meta_container":"","neve_meta_enable_content_width":"","neve_meta_content_width":0,"neve_meta_title_alignment":"","neve_meta_author_avatar":"","neve_post_elements_order":"","neve_meta_disable_header":"","neve_meta_disable_footer":"","neve_meta_disable_title":"","_themeisle_gutenberg_block_has_review":false,"footnotes":""},"class_list":["post-308","page","type-page","status-publish","has-post-thumbnail","hentry"],"_links":{"self":[{"href":"https:\/\/gdhukukarabuluculuk.com\/index.php?rest_route=\/wp\/v2\/pages\/308","targetHints":{"allow":["GET"]}}],"collection":[{"href":"https:\/\/gdhukukarabuluculuk.com\/index.php?rest_route=\/wp\/v2\/pages"}],"about":[{"href":"https:\/\/gdhukukarabuluculuk.com\/index.php?rest_route=\/wp\/v2\/types\/page"}],"author":[{"embeddable":true,"href":"https:\/\/gdhukukarabuluculuk.com\/index.php?rest_route=\/wp\/v2\/users\/1"}],"replies":[{"embeddable":true,"href":"https:\/\/gdhukukarabuluculuk.com\/index.php?rest_route=%2Fwp%2Fv2%2Fcomments&post=308"}],"version-history":[{"count":5,"href":"https:\/\/gdhukukarabuluculuk.com\/index.php?rest_route=\/wp\/v2\/pages\/308\/revisions"}],"predecessor-version":[{"id":336,"href":"https:\/\/gdhukukarabuluculuk.com\/index.php?rest_route=\/wp\/v2\/pages\/308\/revisions\/336"}],"wp:featuredmedia":[{"embeddable":true,"href":"https:\/\/gdhukukarabuluculuk.com\/index.php?rest_route=\/wp\/v2\/media\/309"}],"wp:attachment":[{"href":"https:\/\/gdhukukarabuluculuk.com\/index.php?rest_route=%2Fwp%2Fv2%2Fmedia&parent=308"}],"curies":[{"name":"wp","href":"https:\/\/api.w.org\/{rel}","templated":true}]}}