{"id":174,"date":"2020-02-26T11:48:48","date_gmt":"2020-02-26T11:48:48","guid":{"rendered":"https:\/\/demosites.io\/lawyers-gb\/?page_id=174"},"modified":"2024-01-29T11:55:37","modified_gmt":"2024-01-29T11:55:37","slug":"contact-us","status":"publish","type":"page","link":"https:\/\/gdhukukarabuluculuk.com\/?page_id=174","title":{"rendered":"Bize ula\u015f\u0131n"},"content":{"rendered":"\n<div id=\"wp-block-themeisle-blocks-advanced-columns-fd115547\" class=\"wp-block-themeisle-blocks-advanced-columns alignfull has-1-columns has-desktop-equal-layout has-tablet-equal-layout has-mobile-equal-layout has-vertical-unset\"><div class=\"wp-block-themeisle-blocks-advanced-columns-overlay\"><\/div><div class=\"innerblocks-wrap\">\n<div id=\"wp-block-themeisle-blocks-advanced-column-de2aa3a2\" class=\"wp-block-themeisle-blocks-advanced-column has-dark-bg\">\n<h1 class=\"wp-block-heading has-text-align-center has-nv-text-dark-bg-color has-text-color\"> Bize Ula\u015f\u0131n  <\/h1>\n<\/div>\n<\/div><\/div>\n\n\n\n<div id=\"wp-block-themeisle-blocks-advanced-columns-7c7a89c9\" class=\"wp-block-themeisle-blocks-advanced-columns alignfull has-2-columns has-desktop-equal-layout has-tablet-equal-layout has-mobile-collapsedRows-layout has-vertical-center\"><div class=\"wp-block-themeisle-blocks-advanced-columns-overlay\"><\/div><div class=\"innerblocks-wrap\">\n<div id=\"wp-block-themeisle-blocks-advanced-column-6b5d17f2\" class=\"wp-block-themeisle-blocks-advanced-column\">\n<figure class=\"wp-block-image size-large\"><img loading=\"lazy\" decoding=\"async\" width=\"1024\" height=\"681\" src=\"https:\/\/gdhukukarabuluculuk.com\/wp-content\/uploads\/2024\/01\/ulku-fatma-1024x681.jpg\" alt=\"\" class=\"wp-image-398\" srcset=\"https:\/\/gdhukukarabuluculuk.com\/wp-content\/uploads\/2024\/01\/ulku-fatma-1024x681.jpg 1024w, https:\/\/gdhukukarabuluculuk.com\/wp-content\/uploads\/2024\/01\/ulku-fatma-300x200.jpg 300w, https:\/\/gdhukukarabuluculuk.com\/wp-content\/uploads\/2024\/01\/ulku-fatma-768x511.jpg 768w, https:\/\/gdhukukarabuluculuk.com\/wp-content\/uploads\/2024\/01\/ulku-fatma-1536x1021.jpg 1536w, https:\/\/gdhukukarabuluculuk.com\/wp-content\/uploads\/2024\/01\/ulku-fatma.jpg 1600w\" sizes=\"auto, (max-width: 1024px) 100vw, 1024px\" \/><\/figure>\n<\/div>\n\n\n\n<div id=\"wp-block-themeisle-blocks-advanced-column-be5e45fb\" class=\"wp-block-themeisle-blocks-advanced-column\">\n<h2 class=\"wp-block-heading\"> Bize Ula\u015f\u0131n <\/h2>\n\n\n\n<hr class=\"wp-block-separator has-text-color has-css-opacity has-background is-style-wide\" style=\"background-color:#e8e8e8;color:#e8e8e8\"\/>\n\n\n\n<p> Deneyimlerimizle siz de\u011ferli dan\u0131\u015fanlar\u0131m\u0131z\u0131n b\u00fct\u00fcn hukuki s\u00fcre\u00e7lerde yan\u0131n\u0131zday\u0131z. <\/p>\n\n\n\n<h5 class=\"wp-block-heading\">0 (535) 983&nbsp;36&nbsp;22 <\/h5>\n\n\n\n<p> Arb. Av. Fatma Merve G\u00d6KMEN ABAKU\u015e<\/p>\n\n\n\n<h5 class=\"wp-block-heading\"> 0 (543) 978&nbsp;34&nbsp;34<\/h5>\n\n\n\n<p> Arb. Av. \u00dclk\u00fc D\u00dcZTA\u015e \u0130RG\u0130N<\/p>\n<\/div>\n<\/div><\/div>\n\n\n\n<div id=\"wp-block-themeisle-blocks-advanced-columns-2672f4b5\" class=\"wp-block-themeisle-blocks-advanced-columns alignfull has-2-columns has-desktop-equal-layout has-tablet-equal-layout has-mobile-collapsedRows-layout has-vertical-unset has-dark-bg\"><div class=\"wp-block-themeisle-blocks-advanced-columns-overlay\"><\/div><div class=\"innerblocks-wrap\">\n<div id=\"wp-block-themeisle-blocks-advanced-column-05e52c3e\" class=\"wp-block-themeisle-blocks-advanced-column\">\n<h2 style=\"text-align: justify;\">Randevu i\u00e7in hukuk b\u00fcromuzla ileti\u015fime ge\u00e7iniz. Hukuki dan\u0131\u015fma \u00fccrete tabidir.<\/h2>\n<p style=\"text-align: justify;\">\u00c7al\u0131\u015fma saatlerimiz d\u0131\u015f\u0131nda randevu almak i\u00e7in yandaki formu doldurarak ileti\u015fime ge\u00e7ebilirsiniz. L\u00fctfen e-mail yoluyla soru sormay\u0131n\u0131z.<\/p>\n\n\n\n<div id=\"wp-block-themeisle-blocks-button-group-7f392e90\" class=\"wp-block-themeisle-blocks-button-group wp-block-buttons\">\n<div id=\"wp-block-themeisle-blocks-button-d628acb6\" class=\"wp-block-themeisle-blocks-button wp-block-button\"><a href=\"https:\/\/www.google.com\/maps\/place\/Kalender+%C4%B0%C5%9F+Merkezi\/@40.9777858,29.1135633,15z\/data=!4m6!3m5!1s0x14cac63fae805741:0xdb0d7aa55cef6188!8m2!3d40.9777858!4d29.1135633!16s%2Fg%2F1thlq8tt?entry=ttu\" target=\"_blank\" rel=\"noopener noreferrer\" class=\"wp-block-button__link\"><i class=\"fas fa-fw fa-map-marker-alt margin-right\"><\/i><span>\u0130\u00e7erenk\u00f6y Mahallesi Kurtulu\u015f Caddesi Kalender \u0130\u015f Merkezi No:2 D:11 K:3 Ata\u015fehir&nbsp;\u0130stanbul<\/span><\/a><\/div>\n<\/div>\n<\/div>\n\n\n\n<div id=\"wp-block-themeisle-blocks-advanced-column-0788243d\" class=\"wp-block-themeisle-blocks-advanced-column has-light-bg\">\n<div class=\"wp-block-columns is-layout-flex wp-container-core-columns-is-layout-1 wp-block-columns-is-layout-flex\">\n<div class=\"wp-block-column is-layout-flow wp-block-column-is-layout-flow\" style=\"flex-basis:100%\">\n<div class=\"wp-block-group\"><div class=\"wp-block-group__inner-container is-layout-constrained wp-block-group-is-layout-constrained\">\n<div id=\"wp-block-themeisle-blocks-form-fb39f207\" class=\"wp-block-themeisle-blocks-form\" data-option-name=\"bf9b28ff82ce323187abc5d0feb0d8f07ecd8436_fb39f207\"><form class=\"otter-form__container\">\n<div id=\"wp-block-themeisle-blocks-form-input-cb680aa4\" class=\"wp-block-themeisle-blocks-form-input\"><label for=\"wp-block-themeisle-blocks-form-input-cb680aa4-input\" class=\"otter-form-input-label\"><span class=\"otter-form-input-label__label\">Ad\u0131n\u0131z<\/span><span class=\"required\">*<\/span><\/label><input type=\"text\" id=\"wp-block-themeisle-blocks-form-input-cb680aa4-input\" required placeholder=\"Ad\u0131n\u0131z\u0131 Giriniz\" class=\"otter-form-input\"\/><\/div>\n\n\n\n<div id=\"wp-block-themeisle-blocks-form-input-53facba3\" class=\"wp-block-themeisle-blocks-form-input\"><label for=\"wp-block-themeisle-blocks-form-input-53facba3-input\" class=\"otter-form-input-label\"><span class=\"otter-form-input-label__label\">Email<\/span><span class=\"required\">*<\/span><\/label><input type=\"email\" id=\"wp-block-themeisle-blocks-form-input-53facba3-input\" required placeholder=\"Emailinizi Giriniz\" class=\"otter-form-input\"\/><\/div>\n\n\n\n<div id=\"wp-block-themeisle-blocks-form-textarea-5eebb0de\" class=\"wp-block-themeisle-blocks-form-textarea\"><label for=\"wp-block-themeisle-blocks-form-textarea-5eebb0de-input\" class=\"otter-form-textarea-label\"><span class=\"otter-form-textarea-label__label\">Mesaj<\/span><\/label><textarea id=\"wp-block-themeisle-blocks-form-textarea-5eebb0de-input\" placeholder=\"Mesaj\u0131n\u0131z\u0131 Giriniz\" rows=\"10\" class=\"otter-form-textarea-input\"><\/textarea><\/div>\n\n\n<div class=\"protection\" aria-hidden=\"true\"><input type=\"hidden\" id=\"wp-block-themeisle-blocks-form-fb39f207_nonce_field\" name=\"wp-block-themeisle-blocks-form-fb39f207_nonce_field\" value=\"2cbfdad7ea\" \/><input type=\"hidden\" name=\"_wp_http_referer\" value=\"\/index.php?rest_route=%2Fwp%2Fv2%2Fpages%2F174\" \/><input class=\"o-anti-bot\" type=\"checkbox\"><\/div><div class=\"wp-block-button full\"><button class=\"wp-block-button__link\" type=\"submit\">G\u00f6nder<\/button><\/div><\/form><\/div>\n<\/div><\/div>\n<\/div>\n<\/div>\n<\/div>\n<\/div><\/div>\n","protected":false},"excerpt":{"rendered":"","protected":false},"author":1,"featured_media":0,"parent":0,"menu_order":0,"comment_status":"closed","ping_status":"closed","template":"page-templates\/template-pagebuilder-full-width.php","meta":{"neve_meta_sidebar":"full-width","neve_meta_container":"contained","neve_meta_enable_content_width":"on","neve_meta_content_width":100,"neve_meta_title_alignment":"","neve_meta_author_avatar":"","neve_post_elements_order":"","neve_meta_disable_header":"","neve_meta_disable_footer":"","neve_meta_disable_title":"","_themeisle_gutenberg_block_has_review":false,"footnotes":""},"class_list":["post-174","page","type-page","status-publish","hentry"],"_links":{"self":[{"href":"https:\/\/gdhukukarabuluculuk.com\/index.php?rest_route=\/wp\/v2\/pages\/174","targetHints":{"allow":["GET"]}}],"collection":[{"href":"https:\/\/gdhukukarabuluculuk.com\/index.php?rest_route=\/wp\/v2\/pages"}],"about":[{"href":"https:\/\/gdhukukarabuluculuk.com\/index.php?rest_route=\/wp\/v2\/types\/page"}],"author":[{"embeddable":true,"href":"https:\/\/gdhukukarabuluculuk.com\/index.php?rest_route=\/wp\/v2\/users\/1"}],"replies":[{"embeddable":true,"href":"https:\/\/gdhukukarabuluculuk.com\/index.php?rest_route=%2Fwp%2Fv2%2Fcomments&post=174"}],"version-history":[{"count":21,"href":"https:\/\/gdhukukarabuluculuk.com\/index.php?rest_route=\/wp\/v2\/pages\/174\/revisions"}],"predecessor-version":[{"id":435,"href":"https:\/\/gdhukukarabuluculuk.com\/index.php?rest_route=\/wp\/v2\/pages\/174\/revisions\/435"}],"wp:attachment":[{"href":"https:\/\/gdhukukarabuluculuk.com\/index.php?rest_route=%2Fwp%2Fv2%2Fmedia&parent=174"}],"curies":[{"name":"wp","href":"https:\/\/api.w.org\/{rel}","templated":true}]}}