{"id":161,"date":"2020-02-26T09:07:17","date_gmt":"2020-02-26T09:07:17","guid":{"rendered":"https:\/\/demosites.io\/lawyers-gb\/?page_id=161"},"modified":"2024-01-29T11:47:38","modified_gmt":"2024-01-29T11:47:38","slug":"lawyers","status":"publish","type":"page","link":"https:\/\/gdhukukarabuluculuk.com\/?page_id=161","title":{"rendered":"Ekibimiz"},"content":{"rendered":"\n<div id=\"wp-block-themeisle-blocks-advanced-columns-1d44478c\" class=\"wp-block-themeisle-blocks-advanced-columns alignfull has-1-columns has-desktop-equal-layout has-tablet-equal-layout has-mobile-equal-layout has-vertical-unset\"><div class=\"wp-block-themeisle-blocks-advanced-columns-overlay\"><\/div><div class=\"innerblocks-wrap\">\n<div id=\"wp-block-themeisle-blocks-advanced-column-24b42ae0\" class=\"wp-block-themeisle-blocks-advanced-column has-dark-bg\">\n<p id=\"wp-block-themeisle-blocks-advanced-heading-1aca3177\" class=\"wp-block-themeisle-blocks-advanced-heading wp-block-themeisle-blocks-advanced-heading-1aca3177\"> Hakk\u0131m\u0131zda<\/p>\n\n\n\n<h1 class=\"wp-block-heading has-text-align-center has-nv-text-dark-bg-color has-text-color\">Ekibimiz<\/h1>\n<\/div>\n<\/div><\/div>\n\n\n\n<div id=\"wp-block-themeisle-blocks-advanced-columns-419ac507\" class=\"wp-block-themeisle-blocks-advanced-columns alignfull has-2-columns has-desktop-equal-layout has-tablet-equal-layout has-mobile-collapsedRows-layout has-vertical-unset has-light-bg\"><div class=\"wp-block-themeisle-blocks-advanced-columns-overlay\"><\/div><div class=\"innerblocks-wrap\">\n<div id=\"wp-block-themeisle-blocks-advanced-column-159f5c9d\" class=\"wp-block-themeisle-blocks-advanced-column\">\n<figure class=\"wp-block-image size-large\"><img loading=\"lazy\" decoding=\"async\" width=\"681\" height=\"1024\" src=\"https:\/\/gdhukukarabuluculuk.com\/wp-content\/uploads\/2024\/01\/fatma_merve-681x1024.jpg\" alt=\"\" class=\"wp-image-390\" srcset=\"https:\/\/gdhukukarabuluculuk.com\/wp-content\/uploads\/2024\/01\/fatma_merve-681x1024.jpg 681w, https:\/\/gdhukukarabuluculuk.com\/wp-content\/uploads\/2024\/01\/fatma_merve-200x300.jpg 200w, https:\/\/gdhukukarabuluculuk.com\/wp-content\/uploads\/2024\/01\/fatma_merve-768x1155.jpg 768w, https:\/\/gdhukukarabuluculuk.com\/wp-content\/uploads\/2024\/01\/fatma_merve-1021x1536.jpg 1021w, https:\/\/gdhukukarabuluculuk.com\/wp-content\/uploads\/2024\/01\/fatma_merve.jpg 1064w\" sizes=\"auto, (max-width: 681px) 100vw, 681px\" \/><\/figure>\n\n\n\n<div style=\"height:16px\" aria-hidden=\"true\" class=\"wp-block-spacer\"><\/div>\n\n\n\n<h3 id=\"wp-block-themeisle-blocks-advanced-heading-511b1140\" class=\"wp-block-themeisle-blocks-advanced-heading wp-block-themeisle-blocks-advanced-heading-511b1140\">Fatma Merve G\u00d6KMEN ABAKU\u015e<\/h3>\n\n\n\n<h4 id=\"wp-block-themeisle-blocks-advanced-heading-7b61d67c\" class=\"wp-block-themeisle-blocks-advanced-heading wp-block-themeisle-blocks-advanced-heading-7b61d67c\">Uzman <strong>Arabulucu<\/strong> \/ Avukat<\/h4>\n\n\n\n<p style=\"text-align: justify;\">\u0130stanbul \u00dcniversitesi Hukuk Fak\u00fcltesinden 2015 y\u0131l\u0131nda ba\u015far\u0131yla mezun olmu\u015f ve 2016 y\u0131l\u0131nda yasal staj\u0131n\u0131 tamamlam\u0131\u015ft\u0131r. Ba\u011fl\u0131 \u00e7al\u0131\u015fan avukat olarak edindi\u011fi deneyimler sonras\u0131nda ise 2018 y\u0131l\u0131n\u0131n Ocak ay\u0131nda G\u00f6kmen &amp; D\u00fczta\u015f Hukuk ve Dan\u0131\u015fmanl\u0131k b\u00fcrosunun kurucu orta\u011f\u0131 olmu\u015ftur.<\/p>\n<p style=\"text-align: justify;\">\u0130\u015f ve Sosyal G\u00fcvenlik Hukuku, S\u00f6zle\u015fmeler ve Tazminat Hukuku, Kira Uyu\u015fmazl\u0131klar\u0131, Ticaret Hukuku, Sigorta Hukuku, Yabanc\u0131lar ve Vatanda\u015fl\u0131k Hukuku, Aile Hukuku alanlar\u0131nda a\u011f\u0131rl\u0131kl\u0131 olarak \u00e7al\u0131\u015farak uzmanla\u015fm\u0131\u015f ve hizmet vermeye devam etmektedir.<\/p>\n<p style=\"text-align: justify;\">2023 y\u0131l\u0131nda arabuluculuk unvan\u0131n\u0131 alan kurucu ortak ayn\u0131 zamanda Uzman Arabulucu olarak hizmet vermektedir.<\/p>\n<\/div>\n\n\n\n<div id=\"wp-block-themeisle-blocks-advanced-column-16bb7a4f\" class=\"wp-block-themeisle-blocks-advanced-column\">\n<figure class=\"wp-block-image size-large is-resized\"><img loading=\"lazy\" decoding=\"async\" src=\"https:\/\/gdhukukarabuluculuk.com\/wp-content\/uploads\/2024\/01\/ulku-681x1024.jpg\" alt=\"\" class=\"wp-image-389\" width=\"360\" height=\"541\" srcset=\"https:\/\/gdhukukarabuluculuk.com\/wp-content\/uploads\/2024\/01\/ulku-681x1024.jpg 681w, https:\/\/gdhukukarabuluculuk.com\/wp-content\/uploads\/2024\/01\/ulku-200x300.jpg 200w, https:\/\/gdhukukarabuluculuk.com\/wp-content\/uploads\/2024\/01\/ulku-768x1155.jpg 768w, https:\/\/gdhukukarabuluculuk.com\/wp-content\/uploads\/2024\/01\/ulku-1021x1536.jpg 1021w, https:\/\/gdhukukarabuluculuk.com\/wp-content\/uploads\/2024\/01\/ulku.jpg 1064w\" sizes=\"auto, (max-width: 360px) 100vw, 360px\" \/><\/figure>\n\n\n\n<div style=\"height:17px\" aria-hidden=\"true\" class=\"wp-block-spacer\"><\/div>\n\n\n\n<h3 id=\"wp-block-themeisle-blocks-advanced-heading-efa614dc\" class=\"wp-block-themeisle-blocks-advanced-heading wp-block-themeisle-blocks-advanced-heading-efa614dc\">\u00dclk\u00fc D\u00dcZTA\u015e \u0130RG\u0130N<\/h3>\n\n\n\n<h4 id=\"wp-block-themeisle-blocks-advanced-heading-e89d7849\" class=\"wp-block-themeisle-blocks-advanced-heading wp-block-themeisle-blocks-advanced-heading-e89d7849\"> UZMAN <strong>Arabulucu<\/strong> \/ Avukat<\/h4>\n\n\n\n<p style=\"text-align: justify;\">Maltepe \u00dcniversitesi Hukuk Fak\u00fcltesinden 2016 y\u0131l\u0131nda ba\u015far\u0131yla mezun olduktan sonra yasal staj\u0131n\u0131 tamamlam\u0131\u015f ve hemen ard\u0131ndan\u00a02018 y\u0131l\u0131n\u0131n Ocak ay\u0131nda G\u00f6kmen &amp; D\u00fczta\u015f Hukuk ve Dan\u0131\u015fmanl\u0131k b\u00fcrosunun kurucu orta\u011f\u0131 olmu\u015ftur.<\/p>\n<p style=\"text-align: justify;\">Ceza ve \u0130nfaz hukuku, \u0130cra ve \u0130flas Hukuku, Ticaret Hukuku, Kira Uyu\u015fmazl\u0131klar\u0131, Gayrimenkul Hukuku, \u0130dare\/Vergi Hukuku, Aile Hukuku alanlar\u0131nda a\u011f\u0131rl\u0131kl\u0131 olarak \u00e7al\u0131\u015farak uzmanla\u015fm\u0131\u015f ve hizmet vermeye devam etmektedir.<\/p>\n<p style=\"text-align: justify;\">2023 y\u0131l\u0131nda arabuluculuk unvan\u0131n\u0131 alan kurucu ortak ayn\u0131 zamanda Uzman Arabulucu olarak hizmet vermektedir.<\/p>\n<\/div>\n<\/div><\/div>\n","protected":false},"excerpt":{"rendered":"","protected":false},"author":1,"featured_media":0,"parent":0,"menu_order":0,"comment_status":"closed","ping_status":"closed","template":"page-templates\/template-pagebuilder-full-width.php","meta":{"neve_meta_sidebar":"full-width","neve_meta_container":"","neve_meta_enable_content_width":"on","neve_meta_content_width":100,"neve_meta_title_alignment":"","neve_meta_author_avatar":"","neve_post_elements_order":"","neve_meta_disable_header":"","neve_meta_disable_footer":"","neve_meta_disable_title":"","_themeisle_gutenberg_block_has_review":false,"footnotes":""},"class_list":["post-161","page","type-page","status-publish","hentry"],"_links":{"self":[{"href":"https:\/\/gdhukukarabuluculuk.com\/index.php?rest_route=\/wp\/v2\/pages\/161","targetHints":{"allow":["GET"]}}],"collection":[{"href":"https:\/\/gdhukukarabuluculuk.com\/index.php?rest_route=\/wp\/v2\/pages"}],"about":[{"href":"https:\/\/gdhukukarabuluculuk.com\/index.php?rest_route=\/wp\/v2\/types\/page"}],"author":[{"embeddable":true,"href":"https:\/\/gdhukukarabuluculuk.com\/index.php?rest_route=\/wp\/v2\/users\/1"}],"replies":[{"embeddable":true,"href":"https:\/\/gdhukukarabuluculuk.com\/index.php?rest_route=%2Fwp%2Fv2%2Fcomments&post=161"}],"version-history":[{"count":14,"href":"https:\/\/gdhukukarabuluculuk.com\/index.php?rest_route=\/wp\/v2\/pages\/161\/revisions"}],"predecessor-version":[{"id":422,"href":"https:\/\/gdhukukarabuluculuk.com\/index.php?rest_route=\/wp\/v2\/pages\/161\/revisions\/422"}],"wp:attachment":[{"href":"https:\/\/gdhukukarabuluculuk.com\/index.php?rest_route=%2Fwp%2Fv2%2Fmedia&parent=161"}],"curies":[{"name":"wp","href":"https:\/\/api.w.org\/{rel}","templated":true}]}}